{"id":129,"date":"2023-10-06T06:10:09","date_gmt":"2023-10-06T06:10:09","guid":{"rendered":"https:\/\/advokathusetgothia.se\/?page_id=129"},"modified":"2023-10-11T13:42:22","modified_gmt":"2023-10-11T13:42:22","slug":"lankar","status":"publish","type":"page","link":"https:\/\/advokathusetgothia.se\/?page_id=129","title":{"rendered":"L\u00e4nkar"},"content":{"rendered":"<p>[et_pb_section fb_built=&#8221;1&#8243; _builder_version=&#8221;4.20.0&#8243; _module_preset=&#8221;default&#8221; hover_enabled=&#8221;0&#8243; global_colors_info=&#8221;{}&#8221; positioning=&#8221;none&#8221; position_origin_f=&#8221;top_center&#8221; sticky_enabled=&#8221;0&#8243; position_origin_r=&#8221;top_right&#8221; custom_padding=&#8221;100px||100px||false|false&#8221; min_height=&#8221;1220px&#8221;][et_pb_row _builder_version=&#8221;4.20.0&#8243; _module_preset=&#8221;default&#8221; hover_enabled=&#8221;0&#8243; global_colors_info=&#8221;{}&#8221; sticky_enabled=&#8221;0&#8243;][et_pb_column type=&#8221;4_4&#8243; _builder_version=&#8221;4.20.0&#8243; _module_preset=&#8221;default&#8221; global_colors_info=&#8221;{}&#8221;][et_pb_text _builder_version=&#8221;4.20.0&#8243; _module_preset=&#8221;default&#8221; global_colors_info=&#8221;{}&#8221;]<\/p>\n<section class=\"elementor-section elementor-top-section elementor-element elementor-element-5c147bee elementor-section-boxed elementor-section-height-default elementor-section-height-default\" data-id=\"5c147bee\" data-element_type=\"section\" data-settings=\"{&quot;background_background&quot;:&quot;classic&quot;}\">\n<div class=\"elementor-container elementor-column-gap-extended\">\n<div class=\"elementor-column elementor-col-100 elementor-top-column elementor-element elementor-element-16063d6f sc_inner_width_none sc_layouts_column_icons_position_left\" data-id=\"16063d6f\" data-element_type=\"column\">\n<div class=\"elementor-widget-wrap elementor-element-populated\">\n<div class=\"elementor-element elementor-element-46dbddf7 sc_fly_static elementor-widget elementor-widget-text-editor\" data-id=\"46dbddf7\" data-element_type=\"widget\" data-widget_type=\"text-editor.default\">\n<div class=\"elementor-widget-container\">\n<h5>1. DOMSTOLSVERKETS<\/h5>\n<p><span style=\"font-weight: 400;\">H\u00e4r finns information om Sveriges domstolar, olika r\u00e4ttsomr\u00e5den och hur processen i domstol g\u00e5r till.<br \/><a href=\"https:\/\/www.domstol.se\/domstolsverket\/\" target=\"_blank\" rel=\"nofollow noopener\"> https:\/\/www.domstol.se\/domstolsverket<\/a><\/span><\/p>\n<\/div>\n<\/div>\n<\/div>\n<\/div>\n<\/div>\n<\/section>\n<section class=\"elementor-section elementor-top-section elementor-element elementor-element-20a3011 elementor-section-boxed elementor-section-height-default elementor-section-height-default\" data-id=\"20a3011\" data-element_type=\"section\" data-settings=\"{&quot;background_background&quot;:&quot;classic&quot;}\">\n<div class=\"elementor-container elementor-column-gap-extended\">\n<div class=\"elementor-column elementor-col-100 elementor-top-column elementor-element elementor-element-0fa1ab6 sc_inner_width_none sc_layouts_column_icons_position_left\" data-id=\"0fa1ab6\" data-element_type=\"column\">\n<div class=\"elementor-widget-wrap elementor-element-populated\">\n<div class=\"elementor-element elementor-element-85266f5 sc_fly_static elementor-widget elementor-widget-text-editor\" data-id=\"85266f5\" data-element_type=\"widget\" data-widget_type=\"text-editor.default\">\n<div class=\"elementor-widget-container\">\n<h5><\/h5>\n<h5><\/h5>\n<h5><\/h5>\n<h5>2. ADVOKATSAMFUNDET<\/h5>\n<p><span style=\"font-weight: 400;\">Advokatsamfundets hemsida. H\u00e4r hittar du bl.a. information kring advokatyrket och advokatens uppdrag.<br \/><a href=\"\/\/www.advokatsamfundet.se\/\" target=\"_blank\" rel=\"noopener\"> https:\/\/www.advokatsamfundet.se<\/a><\/span><\/p>\n<\/div>\n<\/div>\n<\/div>\n<\/div>\n<\/div>\n<\/section>\n<section class=\"elementor-section elementor-top-section elementor-element elementor-element-563e66a elementor-section-boxed elementor-section-height-default elementor-section-height-default\" data-id=\"563e66a\" data-element_type=\"section\" data-settings=\"{&quot;background_background&quot;:&quot;classic&quot;}\">\n<div class=\"elementor-container elementor-column-gap-extended\">\n<div class=\"elementor-column elementor-col-100 elementor-top-column elementor-element elementor-element-04b4173 sc_inner_width_none sc_layouts_column_icons_position_left\" data-id=\"04b4173\" data-element_type=\"column\">\n<div class=\"elementor-widget-wrap elementor-element-populated\">\n<div class=\"elementor-element elementor-element-a99883f sc_fly_static elementor-widget elementor-widget-text-editor\" data-id=\"a99883f\" data-element_type=\"widget\" data-widget_type=\"text-editor.default\">\n<div class=\"elementor-widget-container\">\n<h5><\/h5>\n<h5><\/h5>\n<h5>3. ADVOKATSAMFUNDETS KONSUMENTTVISTN\u00c4MND<\/h5>\n<p><span style=\"font-weight: 400;\">Advokatsamfundets konsumenttvistn\u00e4mnd. Pr\u00f6var arvodestvister eller andra ekonomiska krav som en konsument riktar mot en advokat eller en advokatbyr\u00e5. <a href=\"https:\/\/www.advokatsamfundet.se\/konsumenttvistnamnden\" target=\"_blank\" rel=\"nofollow noopener\"> https:\/\/www.advokatsamfundet.se\/konsumenttvistnamnden<\/a><\/span><span style=\"font-weight: 400;\"><\/span><\/p>\n<\/div>\n<\/div>\n<\/div>\n<\/div>\n<\/div>\n<\/section>\n<section class=\"elementor-section elementor-top-section elementor-element elementor-element-274d4c5 elementor-section-boxed elementor-section-height-default elementor-section-height-default\" data-id=\"274d4c5\" data-element_type=\"section\" data-settings=\"{&quot;background_background&quot;:&quot;classic&quot;}\">\n<div class=\"elementor-container elementor-column-gap-extended\">\n<div class=\"elementor-column elementor-col-100 elementor-top-column elementor-element elementor-element-a988645 sc_inner_width_none sc_layouts_column_icons_position_left\" data-id=\"a988645\" data-element_type=\"column\">\n<div class=\"elementor-widget-wrap elementor-element-populated\">\n<div class=\"elementor-element elementor-element-026d511 sc_fly_static elementor-widget elementor-widget-text-editor\" data-id=\"026d511\" data-element_type=\"widget\" data-widget_type=\"text-editor.default\">\n<div class=\"elementor-widget-container\">\n<h5><\/h5>\n<h5><\/h5>\n<h5><\/h5>\n<h5>4. BROTTSOFFERMYNDIGHETEN<\/h5>\n<p><span style=\"font-weight: 400;\">H\u00e4r finns information riktad till dig som har blivit utsatt f\u00f6r brott. <a href=\"https:\/\/www.brottsoffermyndigheten.se\/\" target=\"_blank\" rel=\"nofollow noopener\"> https:\/\/www.brottsoffermyndigheten.se<\/a><\/span><\/p>\n<\/div>\n<\/div>\n<\/div>\n<\/div>\n<\/div>\n<\/section>\n<section class=\"elementor-section elementor-top-section elementor-element elementor-element-f5bf747 elementor-section-boxed elementor-section-height-default elementor-section-height-default\" data-id=\"f5bf747\" data-element_type=\"section\" data-settings=\"{&quot;background_background&quot;:&quot;classic&quot;}\">\n<div class=\"elementor-container elementor-column-gap-extended\">\n<div class=\"elementor-column elementor-col-100 elementor-top-column elementor-element elementor-element-eb84e7a sc_inner_width_none sc_layouts_column_icons_position_left\" data-id=\"eb84e7a\" data-element_type=\"column\">\n<div class=\"elementor-widget-wrap elementor-element-populated\">\n<div class=\"elementor-element elementor-element-2dd2706 sc_fly_static elementor-widget elementor-widget-text-editor\" data-id=\"2dd2706\" data-element_type=\"widget\" data-widget_type=\"text-editor.default\">\n<div class=\"elementor-widget-container\">\n<h5><\/h5>\n<h5><\/h5>\n<h5><\/h5>\n<h5><\/h5>\n<h5>5. G\u00d6TEBORGS TINGSR\u00c4TT<\/h5>\n<p><span style=\"font-weight: 400;\">G\u00f6teborgs tingsr\u00e4tts hemsida. P\u00e5 hemsidan finns allm\u00e4n information om tingsr\u00e4ttens verksamhet, olika m\u00e5ltyper som f\u00f6rekommer vid tingsr\u00e4tten samt information om aktuella f\u00f6rhandlingar i tingsr\u00e4tten. Under fliken \u201dTill dig som \u00e4r\u2026\u201d \u00e5terfinns \u00e4ven information riktad till brottsoffer, \u00e5talad eller vittne i domstolsprocessen. <a href=\"https:\/\/www.domstol.se\/goteborgs-tingsratt\/\" target=\"_blank\" rel=\"nofollow noopener\"> https:\/\/www.domstol.se\/goteborgs-tingsratt<\/a><\/span><\/p>\n<\/div>\n<\/div>\n<\/div>\n<\/div>\n<\/div>\n<\/section>\n<section class=\"elementor-section elementor-top-section elementor-element elementor-element-e6d7fb6 elementor-section-boxed elementor-section-height-default elementor-section-height-default\" data-id=\"e6d7fb6\" data-element_type=\"section\" data-settings=\"{&quot;background_background&quot;:&quot;classic&quot;}\">\n<div class=\"elementor-container elementor-column-gap-extended\">\n<div class=\"elementor-column elementor-col-100 elementor-top-column elementor-element elementor-element-75c2cb2 sc_inner_width_none sc_layouts_column_icons_position_left\" data-id=\"75c2cb2\" data-element_type=\"column\">\n<div class=\"elementor-widget-wrap elementor-element-populated\">\n<div class=\"elementor-element elementor-element-ccd12eb sc_fly_static elementor-widget elementor-widget-text-editor\" data-id=\"ccd12eb\" data-element_type=\"widget\" data-widget_type=\"text-editor.default\">\n<div class=\"elementor-widget-container\">\n<h5><\/h5>\n<h5><\/h5>\n<h5><\/h5>\n<h5><\/h5>\n<h5>6. F\u00d6RVALTNINGSR\u00c4TTEN I G\u00d6TEBORG<\/h5>\n<p><span style=\"font-weight: 400;\">F\u00f6rvaltningsr\u00e4tten i G\u00f6teborg avg\u00f6r m\u00e5l d\u00e4r n\u00e5gon har \u00f6verklagat ett beslut fr\u00e5n en myndighet. F\u00f6rvaltningsr\u00e4tten i G\u00f6teborg \u00e4r ocks\u00e5 en av landets fyra migrationsdomstolar. <a href=\"https:\/\/www.domstol.se\/forvaltningsratten-i-goteborg\/\" target=\"_blank\" rel=\"nofollow noopener\"> https:\/\/www.domstol.se\/forvaltningsratten-i-goteborg<\/a><\/span><\/p>\n<\/div>\n<\/div>\n<\/div>\n<\/div>\n<\/div>\n<\/section>\n<section class=\"elementor-section elementor-top-section elementor-element elementor-element-a413327 elementor-section-boxed elementor-section-height-default elementor-section-height-default\" data-id=\"a413327\" data-element_type=\"section\" data-settings=\"{&quot;background_background&quot;:&quot;classic&quot;}\">\n<div class=\"elementor-container elementor-column-gap-extended\">\n<div class=\"elementor-column elementor-col-100 elementor-top-column elementor-element elementor-element-2be80fb sc_inner_width_none sc_layouts_column_icons_position_left\" data-id=\"2be80fb\" data-element_type=\"column\">\n<div class=\"elementor-widget-wrap elementor-element-populated\">\n<div class=\"elementor-element elementor-element-e2b620d sc_fly_static elementor-widget elementor-widget-text-editor\" data-id=\"e2b620d\" data-element_type=\"widget\" data-widget_type=\"text-editor.default\">\n<div class=\"elementor-widget-container\">\n<h5><\/h5>\n<h5><\/h5>\n<h5><\/h5>\n<h5><\/h5>\n<h5><\/h5>\n<h5>7. MIGRATIONSVERKET<\/h5>\n<p><span style=\"font-weight: 400;\">Migrationsverkets hemsida- Information riktad till dig som ans\u00f6ker\/planerar att ans\u00f6ka om uppeh\u00e5llstillst\u00e5nd i Sverige. P\u00e5 hemsidan \u00e5terfinns \u00e4ven information om arbetstillst\u00e5nd, information till dig som vill bos\u00e4tta dig med n\u00e5gon i Sverige, information om f\u00f6rl\u00e4ngning av tidsbegr\u00e4nsade uppeh\u00e5llstillst\u00e5nd, samt information om vad som g\u00e4ller vid ans\u00f6kan om fr\u00e4mlingspass och resedokument m.m. <a href=\"https:\/\/www.migrationsverket.se\/Privatpersoner.html\" target=\"_blank\" rel=\"nofollow noopener\"> https:\/\/www.migrationsverket.se\/Privatpersoner.<\/a><\/span><\/p>\n<\/div>\n<\/div>\n<\/div>\n<\/div>\n<\/div>\n<\/section>\n<p>[\/et_pb_text][\/et_pb_column][\/et_pb_row][\/et_pb_section]<\/p>\n","protected":false},"excerpt":{"rendered":"<p>1. DOMSTOLSVERKETS H\u00e4r finns information om Sveriges domstolar, olika r\u00e4ttsomr\u00e5den och hur processen i domstol g\u00e5r till. https:\/\/www.domstol.se\/domstolsverket 2. ADVOKATSAMFUNDET Advokatsamfundets hemsida. H\u00e4r hittar du bl.a. information kring advokatyrket och advokatens uppdrag. https:\/\/www.advokatsamfundet.se 3. ADVOKATSAMFUNDETS KONSUMENTTVISTN\u00c4MND Advokatsamfundets konsumenttvistn\u00e4mnd. Pr\u00f6var arvodestvister eller andra ekonomiska krav som en konsument riktar mot en advokat eller en advokatbyr\u00e5. https:\/\/www.advokatsamfundet.se\/konsumenttvistnamnden [&hellip;]<\/p>\n","protected":false},"author":1,"featured_media":0,"parent":0,"menu_order":0,"comment_status":"closed","ping_status":"closed","template":"","meta":{"_et_pb_use_builder":"on","_et_pb_old_content":"","_et_gb_content_width":"","footnotes":""},"class_list":["post-129","page","type-page","status-publish","hentry"],"_links":{"self":[{"href":"https:\/\/advokathusetgothia.se\/index.php?rest_route=\/wp\/v2\/pages\/129","targetHints":{"allow":["GET"]}}],"collection":[{"href":"https:\/\/advokathusetgothia.se\/index.php?rest_route=\/wp\/v2\/pages"}],"about":[{"href":"https:\/\/advokathusetgothia.se\/index.php?rest_route=\/wp\/v2\/types\/page"}],"author":[{"embeddable":true,"href":"https:\/\/advokathusetgothia.se\/index.php?rest_route=\/wp\/v2\/users\/1"}],"replies":[{"embeddable":true,"href":"https:\/\/advokathusetgothia.se\/index.php?rest_route=%2Fwp%2Fv2%2Fcomments&post=129"}],"version-history":[{"count":10,"href":"https:\/\/advokathusetgothia.se\/index.php?rest_route=\/wp\/v2\/pages\/129\/revisions"}],"predecessor-version":[{"id":270,"href":"https:\/\/advokathusetgothia.se\/index.php?rest_route=\/wp\/v2\/pages\/129\/revisions\/270"}],"wp:attachment":[{"href":"https:\/\/advokathusetgothia.se\/index.php?rest_route=%2Fwp%2Fv2%2Fmedia&parent=129"}],"curies":[{"name":"wp","href":"https:\/\/api.w.org\/{rel}","templated":true}]}}